{"id":572,"date":"2024-10-03T16:15:44","date_gmt":"2024-10-03T16:15:44","guid":{"rendered":"https:\/\/zealous-bose.92-205-224-54.plesk.page\/?post_type=product&#038;p=572"},"modified":"2026-03-07T16:12:19","modified_gmt":"2026-03-07T15:12:19","slug":"makroaudio-rc-1","status":"publish","type":"product","link":"https:\/\/makroaudio.de\/index.php\/produkt\/makroaudio-rc-1\/","title":{"rendered":"Makroaudio RC-1"},"content":{"rendered":"<p class=\"headline\">Makroaudio RC-1 Fernbedienung<\/p>\n<p>Die Fernbedienung &#8222;Makroaudio RC-1&#8220; ist f\u00fcr unseren Steinberg-V2, PROxium-PRE und zuk\u00fcnftige Vor- und Vollverst\u00e4rker-Modelle vorgesehen.<\/p>\n<p>Die Fernbedienung ist aus einem einzigen massivem Block Aluminium gefr\u00e4st, geb\u00fcrstet und abschlie\u00dfend eloxiert. Die pr\u00e4zise gefertigten Metalltasten bieten einen f\u00fchlbaren Druckpunkt. Exzellente Verarbeitung.<\/p>\n<p>Folgende Funktionen sind beim Steinberg-V2 ansteuerbar:<br \/>\nLautst\u00e4rkeregelung, Eingangswahl, MUTE<\/p>\n<p>Bei PROxium-PRE kommt noch Standby-Funktion hinzu.<\/p>\n","protected":false},"excerpt":{"rendered":"<p>Fernbedienung<\/p>\n","protected":false},"featured_media":573,"comment_status":"open","ping_status":"closed","template":"","meta":[],"product_cat":[20,21],"product_tag":[51],"jetpack_sharing_enabled":true,"_links":{"self":[{"href":"https:\/\/makroaudio.de\/index.php\/wp-json\/wp\/v2\/product\/572"}],"collection":[{"href":"https:\/\/makroaudio.de\/index.php\/wp-json\/wp\/v2\/product"}],"about":[{"href":"https:\/\/makroaudio.de\/index.php\/wp-json\/wp\/v2\/types\/product"}],"replies":[{"embeddable":true,"href":"https:\/\/makroaudio.de\/index.php\/wp-json\/wp\/v2\/comments?post=572"}],"wp:featuredmedia":[{"embeddable":true,"href":"https:\/\/makroaudio.de\/index.php\/wp-json\/wp\/v2\/media\/573"}],"wp:attachment":[{"href":"https:\/\/makroaudio.de\/index.php\/wp-json\/wp\/v2\/media?parent=572"}],"wp:term":[{"taxonomy":"product_cat","embeddable":true,"href":"https:\/\/makroaudio.de\/index.php\/wp-json\/wp\/v2\/product_cat?post=572"},{"taxonomy":"product_tag","embeddable":true,"href":"https:\/\/makroaudio.de\/index.php\/wp-json\/wp\/v2\/product_tag?post=572"}],"curies":[{"name":"wp","href":"https:\/\/api.w.org\/{rel}","templated":true}]}}