{"id":1049,"date":"2025-12-13T12:37:57","date_gmt":"2025-12-13T11:37:57","guid":{"rendered":"https:\/\/makroaudio.de\/?post_type=product&#038;p=1049"},"modified":"2026-05-14T09:37:41","modified_gmt":"2026-05-14T07:37:41","slug":"makroaudio-proxium-pre","status":"publish","type":"product","link":"https:\/\/makroaudio.de\/index.php\/produkt\/makroaudio-proxium-pre\/","title":{"rendered":"Makroaudio PROxium PRE"},"content":{"rendered":"<p class=\"headline\">Makroaudio &#8222;PROxium PRE&#8220; analoger Stereo-Vorverst\u00e4rker<\/p>\n<p>Artkelbeschreibung:<\/p>\n<p>Unser analoger Vorverst\u00e4rker \u201ePROxium PRE\u201c wurde nicht nur f\u00fcr die Ansteuerung von \u201eMakroaudio\u201c Endstufen entwickelt. Das Ger\u00e4t harmoniert bestens mit jedem Art von Endstufen &#8211; insbesondere auf R\u00f6hrenbasis. Die Vorstufe sorgt auch in Verbindung mit Halbleiterendstufen f\u00fcr transparente, musikalische Wiedergabe mit exzellenter Raumabbildung.<br \/>\nDer vollsymmetrischer \u201ePROxium PRE\u201c ist in Hybridtechnik aufgebaut. Die Verst\u00e4rkungsstufe ist vollst\u00e4ndig mit diskreten Bauteilen best\u00fcckt. An der kritischen Stelle, wo die R\u00f6hre Vorteile bietet, setzen wir eine Doppeltriode E88CC pro Kanal ein. Die Doppeltrioden sind mitverantwortlich f\u00fcr den unverwechselbaren Klang dieses Ger\u00e4tes. F\u00fcr die rausch- und st\u00f6rungsfreie Klangqualit\u00e4t setzen wir Halbleitertechnik in den Eingangsstufen ein. Die relaisgeschaltete Lautst\u00e4rkeregelung mit Festwiderst\u00e4nden ist absolut pr\u00e4zise und verlustfrei. Die Eingangswahl ist ebenso relaisgesteuert. Das schafft beste Voraussetzungen f\u00fcr unverf\u00e4lschte originaltreue Wiedergabe.<br \/>\nDie Quellger\u00e4te sind sowohl \u00fcber Cinch als auch symmetrisch \u00fcber XLR Eing\u00e4nge anschlie\u00dfbar. Der Vorverst\u00e4rker ist fernbedienbar und kann \u00fcber 12V Triggerausgang die Standby-Funktion der Endstufe steuern. Es sind sowohl symmetrische XLR als auch asymmetrische Cinch Ausg\u00e4nge vorhanden.<\/p>\n<p>Features:<br \/>\n&#8211; Hybridtechnik mit ECC88 R\u00f6hren und 120V Spannungsversorgung<br \/>\n&#8211; vollvergossener 80W Ringkerntransformator<br \/>\n&#8211; aufwendige Stromversorgung<br \/>\n&#8211; durchgehend vollsymmetrischer Aufbau, vom Eingang bis zum Ausgang<br \/>\n&#8211; diskrete Verst\u00e4rkungsschaltung<br \/>\n&#8211; 1,5 MHz Bandbreite<br \/>\n&#8211; sehr musikalische Nichicon Kondensatoren aus \u201eMUSE\u201c Serie<br \/>\n&#8211; pr\u00e4zise relaysgeschaltete Lautst\u00e4rkeregelung<br \/>\n&#8211; Schrittmotor als Drehgeber mit Tastknopf f\u00fcr men\u00fcgesteuerte Bedienung<br \/>\n&#8211; fernbedienbar inkl. Standby-Funktion<br \/>\n&#8211; symmetrische und asymmetrische Ein- und Ausg\u00e4nge<br \/>\n&#8211; fixed Ausgang TAPE-Monitor<br \/>\n&#8211; Heimkino-Bypass-Funktion: zur Integration in das Multikanal-Heimkino-System<br \/>\n&#8211; 12V Triggerausgang<br \/>\n&#8211; handgefertigt in Deutschland<br \/>\n&#8211; 2 Jahre Garantie<\/p>\n<p><a href=\"http:\/\/makroaudio.de\/media\/downloads\/Technische-Daten-makroaudio-PROxium-PRE.pdf\" target=\"_blank\" rel=\"noopener\">Technische Daten<\/a><\/p>\n<p><a href=\"http:\/\/makroaudio.de\/media\/downloads\/Bedienungsanleitung-makroaudio-PROxium-PRE.pdf\" target=\"_blank\" rel=\"noopener\">Bedienungsanleitung<\/a><\/p>\n","protected":false},"excerpt":{"rendered":"<p>analoger Stereo-Vorverst\u00e4rker<\/p>\n","protected":false},"featured_media":1050,"comment_status":"open","ping_status":"closed","template":"","meta":[],"product_cat":[20],"product_tag":[50],"jetpack_sharing_enabled":true,"_links":{"self":[{"href":"https:\/\/makroaudio.de\/index.php\/wp-json\/wp\/v2\/product\/1049"}],"collection":[{"href":"https:\/\/makroaudio.de\/index.php\/wp-json\/wp\/v2\/product"}],"about":[{"href":"https:\/\/makroaudio.de\/index.php\/wp-json\/wp\/v2\/types\/product"}],"replies":[{"embeddable":true,"href":"https:\/\/makroaudio.de\/index.php\/wp-json\/wp\/v2\/comments?post=1049"}],"wp:featuredmedia":[{"embeddable":true,"href":"https:\/\/makroaudio.de\/index.php\/wp-json\/wp\/v2\/media\/1050"}],"wp:attachment":[{"href":"https:\/\/makroaudio.de\/index.php\/wp-json\/wp\/v2\/media?parent=1049"}],"wp:term":[{"taxonomy":"product_cat","embeddable":true,"href":"https:\/\/makroaudio.de\/index.php\/wp-json\/wp\/v2\/product_cat?post=1049"},{"taxonomy":"product_tag","embeddable":true,"href":"https:\/\/makroaudio.de\/index.php\/wp-json\/wp\/v2\/product_tag?post=1049"}],"curies":[{"name":"wp","href":"https:\/\/api.w.org\/{rel}","templated":true}]}}