{"id":534,"date":"2024-10-01T20:22:00","date_gmt":"2024-10-01T20:22:00","guid":{"rendered":"https:\/\/zealous-bose.92-205-224-54.plesk.page\/?page_id=534"},"modified":"2024-10-02T23:25:23","modified_gmt":"2024-10-02T23:25:23","slug":"paypal-ratenkauf","status":"publish","type":"page","link":"https:\/\/makroaudio.de\/index.php\/paypal-ratenkauf\/","title":{"rendered":"Paypal Ratenkauf und Bezahlung nach 30 Tagen"},"content":{"rendered":"\n<p>Sowohl der Ratenkauf als auch die &#8222;Bezahlung nach 30 Tagen&#8220; werden \u00fcber PayPal (Europe) S.\u00e0 r.l. et Cie, S.C.A., 22-24 Boulevard Royal, L-2449 Luxembourg. (www.paypal.com) abgewickelt. Nutzungsvoraussetzung ist ein deutsches PayPal-Privatkonto mit einer verkn\u00fcpften Debitkarte oder einem Bankkonto mit g\u00fcltigem SEPA-Lastschriftmandat als Zahlungsquelle.<br>Bei Zahlung per &#8222;Paypal-Ratenkauf&#8220; muss Ihre Rechnungs- und Lieferadresse identisch sein und Ihrem privaten Wohnsitz entsprechen. Lieferung an Firmenadresse oder Packstation ist nicht m\u00f6glich. Eine Lieferung an abweichende Lieferadressen ist nicht m\u00f6glich.<br>Durch Akzeptieren der Datenschutzerkl\u00e4rung willigen Sie in die \u00dcbermittlung Ihrer Daten an die PayPal (Europe) S.\u00e0 r.l. et Cie, S.C.A. ein.<\/p>\n\n\n\n<h4 class=\"wp-block-heading\"><strong>Paypal Ratenkauf:<\/strong><\/h4>\n\n\n\n<p>Laufzeiten von 3, 6, 12 oder 24 Monaten. Ab 99 \u20ac und bis zu 5.000 \u20ac Bestellwert*. Repr\u00e4sentatives Beispiel gem. \u00a7 17 (4) PAngV: Nettodarlehensbetrag 1.000 \u20ac, Gesamtbetrag 1.067,79 \u20ac, 12 monatliche Raten \u00e0 88,98 \u20ac, fester Sollzinssatz 12,22% p.a., eff. Jahreszins 12,99% p.a.<br>Sondertilgung und vorzeitige R\u00fcckzahlung ist m\u00f6glich.<br>Der Kreditgeber ist PayPal (Europe) S.\u00e0 r.l. et Cie, S.C.A., 22-24 Boulevard Royal, L-2449 Luxembourg.<br>Mehr Informationen finden Sie auf Paypal Webseite.<br>*Vorbehaltlich Kreditw\u00fcrdigkeitspr\u00fcfung.<\/p>\n\n\n\n<p>Bestellablauf f\u00fcr Paypal Ratenkauf:<br>-&gt; PayPal als Zahlungsart ausw\u00e4hlen<br>-&gt; Bei PayPal einloggen<br>-&gt; PayPal Ratenzahlung im unteren Drittel ausw\u00e4hlen<br>-&gt; Konditionen \u00fcberpr\u00fcfen<br>-&gt; Beantragen<br>-&gt; Paypal bucht monatliche Raten automatisch von Ihrem Bankkonto ab.<\/p>\n\n\n\n<h4 class=\"wp-block-heading\"><strong>Bezahlung nach 30 Tagen:<\/strong><\/h4>\n\n\n\n<p>Mit PayPal k\u00f6nnen Sie sich mit der Bezahlung bis zu 30 Tage nach Kauf Zeit lassen.<br>Die Bezahlung nach 30 Tagen ist bis zu einem H\u00f6chstbetrag von 2.000 \u20ac m\u00f6glich.<\/p>\n\n\n\n<p>Bestellablauf f\u00fcr &#8222;Bezahlung nach 30 Tagen&#8220;:<br>-> Paypal oder &#8222;Sp\u00e4ter Bezahlen&#8220; als Zahlungsart ausw\u00e4hlen<br>-> Bei PayPal einloggen<br>-> &#8222;Bezahlung nach 30 Tagen&#8220; im unteren Drittel ausw\u00e4hlen<br>-> Folgen Sie den Anweisungen<\/p>\n","protected":false},"excerpt":{"rendered":"<p>Sowohl der Ratenkauf als auch die &#8222;Bezahlung nach 30 Tagen&#8220; werden \u00fcber PayPal (Europe) S.\u00e0 r.l. et Cie, S.C.A., 22-24 Boulevard Royal, L-2449 Luxembourg. (www.paypal.com) abgewickelt. Nutzungsvoraussetzung ist ein deutsches PayPal-Privatkonto mit einer verkn\u00fcpften Debitkarte oder einem Bankkonto mit g\u00fcltigem SEPA-Lastschriftmandat als Zahlungsquelle.Bei Zahlung per &#8222;Paypal-Ratenkauf&#8220; muss Ihre Rechnungs- und Lieferadresse identisch sein und Ihrem [&hellip;]<\/p>\n","protected":false},"author":1,"featured_media":0,"parent":0,"menu_order":0,"comment_status":"closed","ping_status":"closed","template":"","meta":{"footnotes":""},"jetpack_sharing_enabled":true,"_links":{"self":[{"href":"https:\/\/makroaudio.de\/index.php\/wp-json\/wp\/v2\/pages\/534"}],"collection":[{"href":"https:\/\/makroaudio.de\/index.php\/wp-json\/wp\/v2\/pages"}],"about":[{"href":"https:\/\/makroaudio.de\/index.php\/wp-json\/wp\/v2\/types\/page"}],"author":[{"embeddable":true,"href":"https:\/\/makroaudio.de\/index.php\/wp-json\/wp\/v2\/users\/1"}],"replies":[{"embeddable":true,"href":"https:\/\/makroaudio.de\/index.php\/wp-json\/wp\/v2\/comments?post=534"}],"version-history":[{"count":2,"href":"https:\/\/makroaudio.de\/index.php\/wp-json\/wp\/v2\/pages\/534\/revisions"}],"predecessor-version":[{"id":563,"href":"https:\/\/makroaudio.de\/index.php\/wp-json\/wp\/v2\/pages\/534\/revisions\/563"}],"wp:attachment":[{"href":"https:\/\/makroaudio.de\/index.php\/wp-json\/wp\/v2\/media?parent=534"}],"curies":[{"name":"wp","href":"https:\/\/api.w.org\/{rel}","templated":true}]}}