{"id":403,"date":"2024-09-21T10:50:03","date_gmt":"2024-09-21T10:50:03","guid":{"rendered":"https:\/\/zealous-bose.92-205-224-54.plesk.page\/?page_id=403"},"modified":"2024-10-01T21:25:20","modified_gmt":"2024-10-01T21:25:20","slug":"allgemeine-geschaeftsbedingungen","status":"publish","type":"page","link":"https:\/\/makroaudio.de\/index.php\/allgemeine-geschaeftsbedingungen\/","title":{"rendered":"Allgemeine Gesch\u00e4ftsbedingungen"},"content":{"rendered":"\n<p>1.&nbsp;&nbsp;&nbsp;&nbsp; Allgemeines<br>Diese Gesch\u00e4ftsbedingungen gelten f\u00fcr alle Vertr\u00e4ge, Lieferungen und sonstigen Leistungen durch Eugen Gurskij, Hegaustr. 4, 88212 Ravensburg, eBay-Account: &#8222;makroaudio&#8220;, (nachstehend: Verk\u00e4ufer), gegen\u00fcber ihren Kunden. Abweichende Vorschriften der Kunden gelten nicht, es sei denn, der Verk\u00e4ufer hat dies ausdr\u00fccklich und schriftlich best\u00e4tigt.<br>Im Einzelfall mit dem Kunden getroffene Vereinbarungen (auch Nebenabreden, Erg\u00e4nzungen und \u00c4nderungen) haben in jedem Fall Vorrang vor diesen Gesch\u00e4ftsbedingungen.<\/p>\n\n\n\n<p>2.&nbsp;&nbsp;&nbsp;&nbsp; Vertragsinhalt und Vertragsschluss<br>2.1&nbsp; Der Verk\u00e4ufer bietet den Kunden \u00fcber Auktionsplattformen verschiedene Produkte, vor allem gebrauchte Audio- und Videoelektronik, zum Kauf an.<\/p>\n\n\n\n<p>2.2&nbsp; F\u00fcr den Vertragsschluss auf eBay gilt Folgendes:<br>&nbsp;&#8211; Stellt der Verk\u00e4ufer mittels der Plattform eBay.de einen Artikel im Auktions- oder sog. Festpreisformat ein, so gibt er ein verbindliches Angebot zum Abschluss eines Vertrags \u00fcber diesen Artikel ab. Dabei bestimmt der Verk\u00e4ufer einen Start- bzw. Festpreis und eine Frist, binnen derer das Angebot angenommen werden kann (Angebotsdauer). Legt der Verk\u00e4ufer beim Auktionsformat einen Mindestpreis fest, so steht das Angebot unter der aufschiebenden Bedingung, dass der Mindestpreis erreicht wird.<br>&nbsp;&#8211; Wenn der Verk\u00e4ufer seine Angebote im Auktionsformat zus\u00e4tzlich mit einem Festpreis also der sog. \u201eSofort-Kaufen-Funktion\u201c versehen hat, kann diese Funktion von einem Kunden solange ausge\u00fcbt werden, solange noch kein Gebot auf den betroffenen Artikel abgegeben oder ein Mindestpreis noch nicht erreicht wurde.<br>&nbsp;&#8211; Bei Festpreisartikeln nimmt der Kunde das Angebot an, indem er den Button \u201eSofort-Kaufen\u201c anklickt und anschlie\u00dfend best\u00e4tigt. Bei Festpreisartikeln, bei denen der Verk\u00e4ufer die Option \u201esofortige Bezahlung\u201c ausgew\u00e4hlt hat, nimmt der Kunde das Angebot an, indem er den Button \u201eSofort-Kaufen\u201c anklickt und den unmittelbar nachfolgenden Zahlungsvorgang abschlie\u00dft. Ein Kunde kann Angebote f\u00fcr mehrere Artikel auch dadurch annehmen, dass er die Artikel in den Warenkorb legt und den unmittelbar nachfolgenden Zahlungsvorgang abschlie\u00dft.<br>&nbsp;&#8211; Bei einer eBay-Auktion kommt ein Kaufvertrag zwischen dem Verk\u00e4ufer und demjenigen Kunden zustande, der bei Ablauf der Laufzeit der Auktion das h\u00f6chste Gebot abgegeben hat. Die Annahme erfolgt also unter der aufschiebenden Bedingung, dass der Kunde nach Ablauf der Angebotsdauer H\u00f6chstbietender ist. Das Gebot eines Kunden erlischt, sobald ein anderer Kunde ein h\u00f6heres Gebot abgibt.<br>&nbsp;&#8211; Bei vorzeitiger Beendigung des Angebots durch den Verk\u00e4ufer kommt zwischen dem Verk\u00e4ufer und dem H\u00f6chstbietenden ein Vertrag zustande, es sei denn der Verk\u00e4ufer war dazu berechtigt, das Angebot zur\u00fcckzunehmen und die vorliegenden Gebote zu streichen. Gr\u00fcnde f\u00fcr die vorzeitige Beendigung sind hier (<a href=\"http:\/\/pages.ebay.de\/help\/sell\/end_early.html\" target=\"_blank\" rel=\"noreferrer noopener\">http:\/\/pages.ebay.de\/help\/sell\/end_early.html<\/a>) hinterlegt.<br>&nbsp;&#8211; Ein Kunde kann sein Gebot nur zur\u00fccknehmen, wenn dazu ein berechtigter Grund vorliegt. (Gr\u00fcnde f\u00fcr die M\u00f6glichkeit der R\u00fccknahme eines Gebots finden Sie hier &#8211; pages.ebay.de\/help\/policies\/invalid-bid-retraction.html). Nach einer berechtigten Gebotsr\u00fccknahme kommt zwischen dem Kunden, der nach Ablauf der Auktion aufgrund der Gebotsr\u00fccknahme wieder H\u00f6chstbietender ist und dem Verk\u00e4ufer kein Vertrag zustande.<br>&nbsp;&#8211; In bestimmten eBay-Kategorien kann der Verk\u00e4ufer sein Angebot mit einer Preisvorschlag-Funktion versehen. Mit dieser Preisvorschlag-Funktion ist es den Kunden und dem Verk\u00e4ufer m\u00f6glich, den Preis f\u00fcr einen Artikel auszuhandeln.<br>&nbsp;&#8211; Sofern eBay einen Artikel vor Ablauf der Angebotsdauer l\u00f6scht, kommt kein wirksamer Vertrag zwischen dem Kunden und dem Verk\u00e4ufer zustande.<br>&nbsp;&#8211; Der Kunde kann seine Eingaben vor Abgabe seiner Bestellung mit den von eBay zur Verf\u00fcgung gestellten technischen Mitteln korrigieren. Die Korrekturen k\u00f6nnen mittels den \u00fcblichen Tastatur- und Mausfunktionen direkt auf der Angebotsseite in den entsprechenden Eingabefeldern erfolgen. Nach Anklicken des \u201eSofort-Kaufen\u201c- bzw. \u201eBieten\u201c-Buttons kann der Kunde seine Eingaben auf der nachfolgenden Best\u00e4tigungsseite nochmals \u00fcberpr\u00fcfen. \u00dcber den Vertragsschluss wird der Kunde per E-Mail informiert.<\/p>\n\n\n\n<p>2.3&nbsp; In anderen F\u00e4llen als bei einem Erwerb \u00fcber eine Online-Auktionsplattform kommt der Vertrag durch die Annahme der Bestellung durch den Verk\u00e4ufer zustande. Vor verbindlicher Abgabe seiner Bestellung kann der Kunde alle Eingaben laufend \u00fcber die \u00fcblichen Tastatur- und Mausfunktionen korrigieren. Dar\u00fcber hinaus werden alle Eingaben vor verbindlicher Abgabe der Bestellung noch einmal in einem Best\u00e4tigungsfenster angezeigt und k\u00f6nnen auch dort mittels der \u00fcblichen Tastatur- und Mausfunktionen korrigiert werden. Abweichungen und technische \u00c4nderungen gegen\u00fcber den Abbildungen oder Beschreibungen sind m\u00f6glich. Der Eingang und die Annahme der Bestellung werden dem Kunden per E-Mail best\u00e4tigt.<\/p>\n\n\n\n<p>3.&nbsp;&nbsp;&nbsp;&nbsp; Lieferzeiten<br>Alle Artikel werden umgehend, sofern ab Lager verf\u00fcgbar, ausgeliefert.<br>Die Lieferung erfolgt sowohl innerhalb Deutschlands als auch in EU-L\u00e4nder.<br>Die Lieferzeit innerhalb Deutschlands betr\u00e4gt, sofern nicht beim Angebot anders angegeben, maximal 10 Werktage.<br>Sollte ein Artikel kurzfristig nicht verf\u00fcgbar sein, informieren wir Sie per E-Mail \u00fcber die zu erwartende Lieferzeit, sofern uns eine Adresse von Ihnen vorliegt.<br>Bei Lieferungsverz\u00f6gerungen, wie beispielsweise durch h\u00f6here Gewalt, Verkehrsst\u00f6rungen und Verf\u00fcgungen von hoher Hand, sowie sonstige von uns nicht zu vertretende Ereignisse, kann kein Schadensersatzanspruch gegen uns erhoben werden.<\/p>\n\n\n\n<p>4.&nbsp;&nbsp;&nbsp;&nbsp; Preise und Zahlung<br>Beim Erwerb \u00fcber eine Online-Auktionsplattform gilt der Preis, zu dem der Kaufvertrag zustande gekommen ist (vgl. \u00a7 2 Abs. 2). Im \u00dcbrigen gelten die vereinbarten Preise. S\u00e4mtliche Preise verstehen sich zuz\u00fcglich der Versand- und Verpackungskosten, die dem Kunden vor Abgabe der Bestellung bekannt gegeben werden.<br>Bis zur vollst\u00e4ndigen Bezahlung bleiben die gelieferten Waren unser Eigentum (Eigentumsvorbehalt nach \u00a7\u00a7158, 449 BGB).<\/p>\n\n\n\n<p>5.\u00a0\u00a0\u00a0\u00a0 Paypal Ratenkauf und Bezahlung nach 30 Tagen<br>Sowohl der Ratenkauf als auch die &#8222;Bezahlung nach 30 Tagen&#8220; werden \u00fcber PayPal (Europe) S.\u00e0 r.l. et Cie, S.C.A., 22-24 Boulevard Royal, L-2449 Luxembourg. (www.paypal.com) abgewickelt. Nutzungsvoraussetzung ist ein deutsches PayPal-Privatkonto mit einer verkn\u00fcpften Debitkarte oder einem Bankkonto mit g\u00fcltigem SEPA-Lastschriftmandat als Zahlungsquelle.<br>Bei Zahlung per &#8222;Paypal-Ratenkauf&#8220; muss Ihre Rechnungs- und Lieferadresse identisch sein und Ihrem privaten Wohnsitz entsprechen. Lieferung an Firmenadresse oder Packstation ist nicht m\u00f6glich. Eine Lieferung an abweichende Lieferadressen ist nicht m\u00f6glich.<br>Durch Akzeptieren der Datenschutzerkl\u00e4rung willigen Sie in die \u00dcbermittlung Ihrer Daten an die PayPal (Europe) S.\u00e0 r.l. et Cie, S.C.A. ein. Der Kreditgeber ist PayPal (Europe) S.\u00e0 r.l. et Cie, S.C.A., 22-24 Boulevard Royal, L-2449 Luxembourg.<\/p>\n\n\n\n<p>6.&nbsp;&nbsp;&nbsp;&nbsp; Beschwerdeverfahren<br>Gem\u00e4\u00df der Richtlinie 2013\/11\/EU richtet die EU-Kommission eine Internetplattform zur Online-Beilegung von Streitigkeiten (\u201eOS-Plattform\u201c) zwischen Unternehmern und Verbrauchern ein. Diese ist unter folgendem Link erreichbar: <a href=\"http:\/\/ec.europa.eu\/consumers\/odr\" target=\"_blank\" rel=\"noreferrer noopener\">http:\/\/ec.europa.eu\/consumers\/odr<\/a><br>Unsere Email Adresse lautet: <a href=\"mailto:info@makroaudio.de\">info@makroaudio.de<\/a><\/p>\n\n\n\n<p>7.&nbsp;&nbsp;&nbsp;&nbsp; Gew\u00e4hrleistung<br>Verk\u00e4ufer haftet f\u00fcr M\u00e4ngel, die der verkaufte Gegenstand bei Gefahr\u00fcbergang aufweist.<br>Die Dauer der Gew\u00e4hrleistung betr\u00e4gt 24 Monate bei Neuwaren bzw. 12 Monate bei Gebrauchtwaren ab dem Eingang der Ware beim Kunden. Wir haften nicht f\u00fcr M\u00e4ngel, die infolge fehlerhafter Handhabung, normaler Abnutzung oder durch Fremdeinwirkung entstanden sind. Bei Reparaturen an der Ware in Eigenleistung oder durch Dritte ohne unser schriftliches Einverst\u00e4ndnis erlischt der Gew\u00e4hrleistungsanspruch an uns.<\/p>\n\n\n\n<p>8.&nbsp;&nbsp;&nbsp;&nbsp; Haftungsbeschr\u00e4nkung<br>Soweit sich nachstehend nichts anderes ergibt, sind weitergehende Anspr\u00fcche des Kunden, gleich aus welchen Rechtsgr\u00fcnden,&nbsp; ausgeschlossen. Verk\u00e4ufer haftet deshalb nicht f\u00fcr Sch\u00e4den, die nicht am Liefergegenstand selbst entstanden sind; insbesondere haftet Verk\u00e4ufer nicht f\u00fcr den entgangenen Gewinn oder f\u00fcr sonstige Verm\u00f6genssch\u00e4den des Kunden.<br>Vorstehende Haftungsbeschr\u00e4nkung gilt nicht, soweit die Schadensursache auf Vorsatz oder grober Fahrl\u00e4ssigkeit beruht oder ein Personenschaden vorliegt. Sie gilt ferner dann nicht, wenn der Besteller gesetzlich geregelte Anspr\u00fcche geltend macht. Die Bestimmungen des Produkthaftungsgesetzes bleiben hiervon unber\u00fchrt.<br>Sofern der Verk\u00e4ufer fahrl\u00e4ssig eine vertragswesentliche Pflicht verletzt, ist die Ersatzpflicht f\u00fcr Sachsch\u00e4den auf den typischerweise entstehenden Schaden beschr\u00e4nkt.<\/p>\n\n\n\n<p>9.&nbsp;&nbsp;&nbsp;&nbsp; Copyright<br>Alle dargestellten Fremdlogos, Bilder und Grafiken sind Eigentum der entsprechenden Firmen und unterliegen dem Copyright der entsprechenden Lizenzgeber. S\u00e4mtliche auf diesen Seiten dargestellten Fotos, Logos, Texte, Berichte d\u00fcrfen nicht ohne unser Einverst\u00e4ndnis kopiert oder anderweitig genutzt werden. Alle Rechte vorbehalten.<\/p>\n\n\n\n<p>10.&nbsp;&nbsp;&nbsp;&nbsp; Batterieverordnung:<br>Hinweise zur R\u00fcckgabe von Batterien gem\u00e4\u00df \u00a712 BatterieVO:<br>Im Zusammenhang mit dem Vertrieb von Batterien oder Akkus oder mit der Lieferung von Ger\u00e4ten, die Batterien oder Akkus enthalten, sind wir verpflichtet, sie gem\u00e4\u00df der Batterieverordnung auf Folgendes hinzuweisen:<br>Batterien d\u00fcrfen nicht in den Hausm\u00fcll gegeben werden. Sie sind zur R\u00fcckgabe gebrauchter Batterien als Endverbraucher gesetzlich verpflichtet. Sie k\u00f6nnen Batterien nach Gebrauch in der Verkaufsstelle oder in deren unmittelbarer N\u00e4he (z.B. in kommunalen Sammelstellen oder im Handel) unentgeltlich zur\u00fcckgeben. Sie k\u00f6nnen Batterien auch per Post an uns zur\u00fccksenden.<br>R\u00fccksendeadresse:<\/p>\n\n\n\n<p>Eugen Gurskij<br>Hegaustra\u00dfe 4<br>88212 Ravensburg<\/p>\n\n\n\n<p>Batterien oder Akkus, die Schadstoffe enthalten, sind mit dem Symbol einer durchkreuzten M\u00fclltonne gekennzeichnet. In der N\u00e4he des M\u00fclltonnensymbols befindet sich die chemische Bezeichnung des Schadstoffes. Cd steht f\u00fcr Cadmium, Pb f\u00fcr Blei und Hg f\u00fcr Quecksilber.<\/p>\n\n\n\n<p>11.&nbsp;&nbsp;&nbsp;&nbsp; Hinweis auf Beteiligung am Befreiungssystem der Landbell AG<br>Hinsichtlich der von uns erstmals mit Ware bef\u00fcllten und an private Endverbraucher abgegebene Verkaufsverpackungen hat sich unser Unternehmen zur Sicherstellung der Erf\u00fcllung unserer gesetzlichen Pflichten nach \u00a7 6 VerpackV dem bundesweit t\u00e4tigen R\u00fccknahmesystem der Landbell AG, Mainz, (Kundennummer: 4136102) angeschlossen. Weitere Informationen finden Sie auf der Website der Landbell AG.<\/p>\n\n\n\n<p>12.&nbsp;&nbsp;&nbsp;&nbsp; Schlussbestimmungen<br>Sollte eine Bestimmung dieser Allgemeinen Gesch\u00e4ftsbedingungen, aus welchem Grund auch immer, nichtig sein, bleibt die Geltung der \u00fcbrigen Bestimmungen hiervon unber\u00fchrt.<\/p>\n","protected":false},"excerpt":{"rendered":"<p>1.&nbsp;&nbsp;&nbsp;&nbsp; AllgemeinesDiese Gesch\u00e4ftsbedingungen gelten f\u00fcr alle Vertr\u00e4ge, Lieferungen und sonstigen Leistungen durch Eugen Gurskij, Hegaustr. 4, 88212 Ravensburg, eBay-Account: &#8222;makroaudio&#8220;, (nachstehend: Verk\u00e4ufer), gegen\u00fcber ihren Kunden. Abweichende Vorschriften der Kunden gelten nicht, es sei denn, der Verk\u00e4ufer hat dies ausdr\u00fccklich und schriftlich best\u00e4tigt.Im Einzelfall mit dem Kunden getroffene Vereinbarungen (auch Nebenabreden, Erg\u00e4nzungen und \u00c4nderungen) haben in [&hellip;]<\/p>\n","protected":false},"author":1,"featured_media":0,"parent":0,"menu_order":0,"comment_status":"closed","ping_status":"closed","template":"","meta":{"footnotes":""},"jetpack_sharing_enabled":true,"_links":{"self":[{"href":"https:\/\/makroaudio.de\/index.php\/wp-json\/wp\/v2\/pages\/403"}],"collection":[{"href":"https:\/\/makroaudio.de\/index.php\/wp-json\/wp\/v2\/pages"}],"about":[{"href":"https:\/\/makroaudio.de\/index.php\/wp-json\/wp\/v2\/types\/page"}],"author":[{"embeddable":true,"href":"https:\/\/makroaudio.de\/index.php\/wp-json\/wp\/v2\/users\/1"}],"replies":[{"embeddable":true,"href":"https:\/\/makroaudio.de\/index.php\/wp-json\/wp\/v2\/comments?post=403"}],"version-history":[{"count":6,"href":"https:\/\/makroaudio.de\/index.php\/wp-json\/wp\/v2\/pages\/403\/revisions"}],"predecessor-version":[{"id":546,"href":"https:\/\/makroaudio.de\/index.php\/wp-json\/wp\/v2\/pages\/403\/revisions\/546"}],"wp:attachment":[{"href":"https:\/\/makroaudio.de\/index.php\/wp-json\/wp\/v2\/media?parent=403"}],"curies":[{"name":"wp","href":"https:\/\/api.w.org\/{rel}","templated":true}]}}