{"id":396,"date":"2024-09-21T10:35:44","date_gmt":"2024-09-21T10:35:44","guid":{"rendered":"https:\/\/zealous-bose.92-205-224-54.plesk.page\/?page_id=396"},"modified":"2025-10-07T19:17:14","modified_gmt":"2025-10-07T17:17:14","slug":"impressum","status":"publish","type":"page","link":"https:\/\/makroaudio.de\/index.php\/impressum\/","title":{"rendered":"Impressum"},"content":{"rendered":"\n<p>Eugen Gurskij Elektronik<br>Inhaber: Eugen Gurskij<br>Hegaustr. 4<br>88212 Ravensburg<br>Deutschland<\/p>\n\n\n\n<p>Tel. Nr. +49 (0) 751 7680716<\/p>\n\n\n\n<p>Email: info@makroaudio.de<\/p>\n\n\n\n<p>Umsatzsteueridentifikationsnummer gem\u00e4\u00df \u00a7 27 a Umsatzsteuergesetz: DE262860320<\/p>\n\n\n\n<p>WEEE-Reg.-Nr. DE 30587301<\/p>\n\n\n\n<h4 class=\"wp-block-heading\"><strong>Hinweis auf EU-Streitschlichtung:<\/strong><\/h4>\n\n\n\n<p>Die Europ\u00e4ische Kommission stellt eine Plattform zur Online-Streitbeilegung (OS) bereit. Diese ist unter folgendem Link erreichbar: <a href=\"http:\/\/www.ec.europa.eu\/consumers\/odr\" target=\"_blank\" rel=\"noreferrer noopener\">www.ec.europa.eu\/consumers\/odr<\/a><\/p>\n\n\n\n<h4 class=\"wp-block-heading\"><strong>Haftungsausschluss (Disclaimer)<\/strong><\/h4>\n\n\n\n<p><strong>Haftung f\u00fcr Inhalte<\/strong><\/p>\n\n\n\n<p>Alle auf dieser Website enthaltenen Informationen wurden mit gro\u00dfer Sorgfalt gepr\u00fcft. Wir \u00fcbernehmen jedoch keine Gew\u00e4hr daf\u00fcr, dass die Inhalte unserer eigenen Webseiten jederzeit korrekt, vollst\u00e4ndig und auf dem neuesten Stand sind.<\/p>\n\n\n\n<p><strong>Haftung f\u00fcr Links<\/strong><\/p>\n\n\n\n<p>Unser Angebot enth\u00e4lt Links zu externen Webseiten Dritter, auf deren Inhalte wir keinen Einfluss haben. Deshalb k\u00f6nnen wir f\u00fcr diese fremden Inhalte auch keine Gew\u00e4hr \u00fcbernehmen. F\u00fcr die Inhalte der verlinkten Seiten ist stets der jeweilige Anbieter oder Betreiber der Seiten verantwortlich. Die verlinkten Seiten wurden zum Zeitpunkt der Verlinkung auf m\u00f6gliche Rechtsverst\u00f6\u00dfe \u00fcberpr\u00fcft. Rechtswidrige Inhalte waren zum Zeitpunkt der Verlinkung nicht erkennbar. Eine permanente inhaltliche Kontrolle der verlinkten Seiten ist jedoch ohne konkrete Anhaltspunkte einer Rechtsverletzung nicht zumutbar. Bei Bekanntwerden von Rechtsverletzungen werden wir derartige Links umgehend entfernen.<\/p>\n\n\n\n<p><strong>Urheberrecht<\/strong><\/p>\n\n\n\n<p>Die durch die Seitenbetreiber erstellten Inhalte und Werke auf diesen Seiten unterliegen dem deutschen Urheberrecht. Die Vervielf\u00e4ltigung, Bearbeitung, Verbreitung und jede Art der Verwertung au\u00dferhalb der Grenzen des Urheberrechtes bed\u00fcrfen der schriftlichen Zustimmung des jeweiligen Autors bzw. Erstellers. Downloads und Kopien dieser Seite sind nur f\u00fcr den privaten, nicht kommerziellen Gebrauch gestattet. Soweit die Inhalte auf dieser Seite nicht vom Betreiber erstellt wurden, werden die Urheberrechte Dritter beachtet. Insbesondere werden Inhalte Dritter als solche gekennzeichnet. Sollten Sie trotzdem auf eine Urheberrechtsverletzung aufmerksam werden, bitten wir um einen entsprechenden Hinweis. Bei Bekanntwerden von Rechtsverletzungen werden wir derartige Inhalte umgehend entfernen.<\/p>\n","protected":false},"excerpt":{"rendered":"<p>Eugen Gurskij ElektronikInhaber: Eugen GurskijHegaustr. 488212 RavensburgDeutschland Tel. Nr. +49 (0) 751 7680716 Email: info@makroaudio.de Umsatzsteueridentifikationsnummer gem\u00e4\u00df \u00a7 27 a Umsatzsteuergesetz: DE262860320 WEEE-Reg.-Nr. DE 30587301 Hinweis auf EU-Streitschlichtung: Die Europ\u00e4ische Kommission stellt eine Plattform zur Online-Streitbeilegung (OS) bereit. Diese ist unter folgendem Link erreichbar: www.ec.europa.eu\/consumers\/odr Haftungsausschluss (Disclaimer) Haftung f\u00fcr Inhalte Alle auf dieser Website enthaltenen [&hellip;]<\/p>\n","protected":false},"author":1,"featured_media":0,"parent":0,"menu_order":0,"comment_status":"closed","ping_status":"closed","template":"","meta":{"footnotes":""},"jetpack_sharing_enabled":true,"_links":{"self":[{"href":"https:\/\/makroaudio.de\/index.php\/wp-json\/wp\/v2\/pages\/396"}],"collection":[{"href":"https:\/\/makroaudio.de\/index.php\/wp-json\/wp\/v2\/pages"}],"about":[{"href":"https:\/\/makroaudio.de\/index.php\/wp-json\/wp\/v2\/types\/page"}],"author":[{"embeddable":true,"href":"https:\/\/makroaudio.de\/index.php\/wp-json\/wp\/v2\/users\/1"}],"replies":[{"embeddable":true,"href":"https:\/\/makroaudio.de\/index.php\/wp-json\/wp\/v2\/comments?post=396"}],"version-history":[{"count":3,"href":"https:\/\/makroaudio.de\/index.php\/wp-json\/wp\/v2\/pages\/396\/revisions"}],"predecessor-version":[{"id":997,"href":"https:\/\/makroaudio.de\/index.php\/wp-json\/wp\/v2\/pages\/396\/revisions\/997"}],"wp:attachment":[{"href":"https:\/\/makroaudio.de\/index.php\/wp-json\/wp\/v2\/media?parent=396"}],"curies":[{"name":"wp","href":"https:\/\/api.w.org\/{rel}","templated":true}]}}